{"id":592,"date":"2018-06-15T15:57:34","date_gmt":"2018-06-15T15:57:34","guid":{"rendered":"https:\/\/torredorio.es\/politica-de-privacidad\/"},"modified":"2022-12-14T14:33:21","modified_gmt":"2022-12-14T12:33:21","slug":"privacy-policy","status":"publish","type":"page","link":"https:\/\/torredorio.es\/en\/politica-de-privacidad\/","title":{"rendered":"Privacy Policy"},"content":{"rendered":"<p>In compliance with the provisions of the RGPD, we inform you that your data will be processed in our files for the purpose of maintaining and fulfilling the relationship with our company, including the sending of communications within the framework of the aforementioned relationship.<\/p>\n\n\n\n<p>Likewise, your data will be transferred in all those cases in which it is necessary for the development, fulfilment and control of the relationship with our company or in those cases in which it is authorised by a regulation with the status of law. In compliance with the RGPD you can exercise your ARCO rights before&nbsp;<strong>Torre do Rio<\/strong>with an address at&nbsp;<strong>Baxe N\u00ba1 San Andr\u00e9s de C\u00e9sar, 36650 - Caldas de Reis<\/strong>enclosing a photocopy of your ID card.<\/p>\n\n\n\n<p>The contents of this communication, as well as all accompanying documents, are subject to a duty of confidentiality and are intended solely for the addressee. In the event that you are not the addressee, we request that you inform us of this and do not disclose the contents to third parties and will destroy them.<\/p>\n\n\n\n<p>The information society service provider must take into account that, in addition to the information provided to the recipients of the service through its \"Privacy Policy\", it must have additional legal texts relating to other mandatory regulations, such as, without limitation or exclusion, general contracting conditions, intellectual and industrial property, conditions of use of the website and responsibilities in this respect, or that which Law 34\/2002, of 11 July, on Information Society Services and Electronic Commerce may establish in any other legal texts, intellectual and industrial property, conditions of use of the web page and responsibilities in this respect, or that which Law 34\/2002, of 11 July, on Information Society Services and Electronic Commerce may establish in any other precepts outside its article 10 or even complete the information that, in relation to this, may be necessary.<\/p>","protected":false},"excerpt":{"rendered":"<p>En cumplimiento de lo establecido en la RGPD, le informamos que sus datos ser\u00e1n tratados en nuestros ficheros, con la finalidad del mantenimiento y cumplimiento de la relaci\u00f3n con nuestra entidad, incluyendo el env\u00edo de comunicaciones en el marco de la citada relaci\u00f3n. As\u00ed mismo, sus datos ser\u00e1n cedidos en todos aquellos casos en que [&hellip;]<\/p>\n","protected":false},"author":6,"featured_media":0,"parent":0,"menu_order":0,"comment_status":"closed","ping_status":"closed","template":"","meta":{"footnotes":""},"class_list":["post-592","page","type-page","status-publish","hentry"],"_links":{"self":[{"href":"https:\/\/torredorio.es\/en\/wp-json\/wp\/v2\/pages\/592","targetHints":{"allow":["GET"]}}],"collection":[{"href":"https:\/\/torredorio.es\/en\/wp-json\/wp\/v2\/pages"}],"about":[{"href":"https:\/\/torredorio.es\/en\/wp-json\/wp\/v2\/types\/page"}],"author":[{"embeddable":true,"href":"https:\/\/torredorio.es\/en\/wp-json\/wp\/v2\/users\/6"}],"replies":[{"embeddable":true,"href":"https:\/\/torredorio.es\/en\/wp-json\/wp\/v2\/comments?post=592"}],"version-history":[{"count":2,"href":"https:\/\/torredorio.es\/en\/wp-json\/wp\/v2\/pages\/592\/revisions"}],"predecessor-version":[{"id":1433,"href":"https:\/\/torredorio.es\/en\/wp-json\/wp\/v2\/pages\/592\/revisions\/1433"}],"wp:attachment":[{"href":"https:\/\/torredorio.es\/en\/wp-json\/wp\/v2\/media?parent=592"}],"curies":[{"name":"wp","href":"https:\/\/api.w.org\/{rel}","templated":true}]}}