{"id":888,"date":"2019-01-17T13:58:14","date_gmt":"2019-01-17T13:58:14","guid":{"rendered":"https:\/\/torredorio.es\/?page_id=888"},"modified":"2024-10-27T12:34:05","modified_gmt":"2024-10-27T10:34:05","slug":"galleries","status":"publish","type":"page","link":"https:\/\/torredorio.es\/en\/galerias\/","title":{"rendered":"Galleries"},"content":{"rendered":"<div id='full_slider_1'  class='avia-fullwidth-slider main_color avia-shadow   avia-builder-el-0  el_before_av_one_full  avia-builder-el-first   container_wrap sidebar_right'  ><div  class='avia-slideshow av-2ftiq8-4bb7318b45bd0cb1518adde69c1265df avia-slideshow-featured av_slideshow_full avia-slide-slider av-slideshow-ui av-control-default av-slideshow-manual av-loop-once av-loop-manual-endless av-default-height-applied   avia-slideshow-1' data-slideshow-options=\"{&quot;animation&quot;:&quot;slide&quot;,&quot;autoplay&quot;:false,&quot;loop_autoplay&quot;:&quot;once&quot;,&quot;interval&quot;:5,&quot;loop_manual&quot;:&quot;manual-endless&quot;,&quot;autoplay_stopper&quot;:false,&quot;noNavigation&quot;:false,&quot;bg_slider&quot;:false,&quot;keep_padding&quot;:false,&quot;hoverpause&quot;:false,&quot;show_slide_delay&quot;:0}\"  itemprop=\"image\" itemscope=\"itemscope\" itemtype=\"https:\/\/schema.org\/ImageObject\" ><ul class='avia-slideshow-inner' style='padding-bottom: 28.666666666667%;'><li  class='avia-slideshow-slide av-2ftiq8-4bb7318b45bd0cb1518adde69c1265df__0  av-single-slide slide-1 slide-odd'><div data-rel='slideshow-1' class='avia-slide-wrap'   ><div class='av-slideshow-caption av-2ftiq8-4bb7318b45bd0cb1518adde69c1265df__0 caption_fullwidth caption_left caption_left_framed caption_framed'><div class=\"container caption_container\"><div class=\"slideshow_caption\"><div class=\"slideshow_inner_caption\"><div class=\"slideshow_align_caption\"><h2 class='avia-caption-title'  itemprop=\"name\" >TORRE DO R\u00cdO<\/h2><div class='avia-caption-content'  itemprop=\"description\" ><p>Rest ... Sun ... Silence ... Water ...<\/p>\n<\/div><\/div><\/div><\/div><\/div><\/div><img decoding=\"async\" class=\"wp-image-8194 avia-img-lazy-loading-not-8194\"  src=\"https:\/\/torredorio.es\/wp-content\/uploads\/terraza-torre-do-rio-03-1500x430.jpg\" width=\"1500\" height=\"430\" title='Torre do R\u00edo Terrace' alt='Torre do R\u00edo Terrace'  itemprop=\"thumbnailUrl\" srcset=\"https:\/\/torredorio.es\/wp-content\/uploads\/terraza-torre-do-rio-03-1500x430.jpg 1500w, https:\/\/torredorio.es\/wp-content\/uploads\/terraza-torre-do-rio-03-350x100.jpg 350w\" sizes=\"(max-width: 1500px) 100vw, 1500px\" \/><\/div><\/li><\/ul><\/div><\/div><div id='after_full_slider_1'  class='main_color av_default_container_wrap container_wrap sidebar_right'  ><div class='container av-section-cont-open' ><div class='template-page content  av-content-small alpha units'><div class='post-entry post-entry-type-page post-entry-888'><div class='entry-content-wrapper clearfix'>\n<div class='flex_column av-7agzk-5c354c0bb38646f462eb6f2318ba63fb av_one_full  avia-builder-el-1  el_after_av_slideshow_full  el_before_av_one_third  avia-builder-el-first  first flex_column_div'     ><style type=\"text\/css\" data-created_by=\"avia_inline_auto\" id=\"style-css-av-1y09uo-61f952eb55400319cdb88184b7fd78d8\">\n#top .av-special-heading.av-1y09uo-61f952eb55400319cdb88184b7fd78d8{\npadding-bottom:10px;\n}\nbody .av-special-heading.av-1y09uo-61f952eb55400319cdb88184b7fd78d8 .av-special-heading-tag .heading-char{\nfont-size:25px;\n}\n.av-special-heading.av-1y09uo-61f952eb55400319cdb88184b7fd78d8 .av-subheading{\nfont-size:15px;\n}\n<\/style>\n<div  class='av-special-heading av-1y09uo-61f952eb55400319cdb88184b7fd78d8 av-special-heading-h3 blockquote modern-quote modern-centered  avia-builder-el-2  avia-builder-el-no-sibling'><h3 class='av-special-heading-tag'  itemprop=\"headline\"  >Come in come in... Have a look... <\/h3><div class=\"special-heading-border\"><div class=\"special-heading-inner-border\"><\/div><\/div><\/div><\/div>\n<div class='flex_column av-1sy7u8-81152eba3fa1139f1a93687e11ba64eb av_one_third  avia-builder-el-3  el_after_av_one_full  el_before_av_one_third  first flex_column_div column-top-margin'     ><style type=\"text\/css\" data-created_by=\"avia_inline_auto\" id=\"style-css-av-1kwdfc-304437e891addb9e1088e330b095b1c5\">\n.avia-image-container.av-1kwdfc-304437e891addb9e1088e330b095b1c5 img.avia_image{\nbox-shadow:none;\n}\n.avia-image-container.av-1kwdfc-304437e891addb9e1088e330b095b1c5 .av-caption-image-overlay-bg{\nopacity:0.4;\nbackground-color:#000000;\n}\n.avia-image-container.av-1kwdfc-304437e891addb9e1088e330b095b1c5 .av-image-caption-overlay-center{\ncolor:#ffffff;\n}\n<\/style>\n<div  class='avia-image-container av-1kwdfc-304437e891addb9e1088e330b095b1c5 av-styling- avia-align-center  avia-builder-el-4  avia-builder-el-no-sibling  noHover av-overlay-on-hover'   itemprop=\"image\" itemscope=\"itemscope\" itemtype=\"https:\/\/schema.org\/ImageObject\" ><div class=\"avia-image-container-inner\"><div class=\"avia-image-overlay-wrap\"><a href=\"https:\/\/torredorio.es\/en\/instalaciones\/\" class='avia_image' ><div class=\"av-image-caption-overlay\"><div class=\"av-caption-image-overlay-bg\"><\/div><div class=\"av-image-caption-overlay-position\"><div class=\"av-image-caption-overlay-center\"><p>FACILITIES<br \/>\nCome and discover a world of nooks and crannies, hideaways, where you can enjoy the tranquillity and the time ...<\/p>\n<\/div><\/div><\/div><img decoding=\"async\" class='wp-image-8259 avia-img-lazy-loading-not-8259 avia_image' src=\"https:\/\/torredorio.es\/wp-content\/uploads\/lareira-torre-do-rio-02.jpg\" alt='Lareira Torre do R\u00edo' title='Lareira Torre do R\u00edo'  height=\"1280\" width=\"1920\"  itemprop=\"thumbnailUrl\" srcset=\"https:\/\/torredorio.es\/wp-content\/uploads\/lareira-torre-do-rio-02.jpg 1920w, https:\/\/torredorio.es\/wp-content\/uploads\/lareira-torre-do-rio-02-300x200.jpg 300w, https:\/\/torredorio.es\/wp-content\/uploads\/lareira-torre-do-rio-02-1030x687.jpg 1030w, https:\/\/torredorio.es\/wp-content\/uploads\/lareira-torre-do-rio-02-768x512.jpg 768w, https:\/\/torredorio.es\/wp-content\/uploads\/lareira-torre-do-rio-02-1536x1024.jpg 1536w, https:\/\/torredorio.es\/wp-content\/uploads\/lareira-torre-do-rio-02-18x12.jpg 18w, https:\/\/torredorio.es\/wp-content\/uploads\/lareira-torre-do-rio-02-1500x1000.jpg 1500w, https:\/\/torredorio.es\/wp-content\/uploads\/lareira-torre-do-rio-02-705x470.jpg 705w\" sizes=\"(max-width: 1920px) 100vw, 1920px\" \/><\/a><\/div><\/div><\/div><\/div><div class='flex_column av-1fqz1k-faae7203eecfbbc7eaa0a1af51780ea6 av_one_third  avia-builder-el-5  el_after_av_one_third  el_before_av_one_third  flex_column_div column-top-margin'     ><style type=\"text\/css\" data-created_by=\"avia_inline_auto\" id=\"style-css-av-17lw48-73afbe56fabde8d7a98db853bda66616\">\n.avia-image-container.av-17lw48-73afbe56fabde8d7a98db853bda66616 img.avia_image{\nbox-shadow:none;\n}\n.avia-image-container.av-17lw48-73afbe56fabde8d7a98db853bda66616 .av-caption-image-overlay-bg{\nopacity:0.4;\nbackground-color:#000000;\n}\n.avia-image-container.av-17lw48-73afbe56fabde8d7a98db853bda66616 .av-image-caption-overlay-center{\ncolor:#ffffff;\n}\n<\/style>\n<div  class='avia-image-container av-17lw48-73afbe56fabde8d7a98db853bda66616 av-styling- avia-align-center  avia-builder-el-6  avia-builder-el-no-sibling  noHover av-overlay-on-hover'   itemprop=\"image\" itemscope=\"itemscope\" itemtype=\"https:\/\/schema.org\/ImageObject\" ><div class=\"avia-image-container-inner\"><div class=\"avia-image-overlay-wrap\"><a href=\"https:\/\/torredorio.es\/en\/nuestras-habitaciones\/\" class='avia_image' ><div class=\"av-image-caption-overlay\"><div class=\"av-caption-image-overlay-bg\"><\/div><div class=\"av-image-caption-overlay-position\"><div class=\"av-image-caption-overlay-center\"><p>ROOMS<br \/>\nLet yourself be carried away by your emotions and enjoy the rest, the silence, in our fantastic rooms...<\/p>\n<\/div><\/div><\/div><img decoding=\"async\" class='wp-image-8295 avia-img-lazy-loading-not-8295 avia_image' src=\"https:\/\/torredorio.es\/wp-content\/uploads\/habitacion-mimosa-torre-do-rio-05.jpg\" alt='Mimosa Torre do Rio Room' title='Mimosa Torre do Rio Room'  height=\"1280\" width=\"1920\"  itemprop=\"thumbnailUrl\" srcset=\"https:\/\/torredorio.es\/wp-content\/uploads\/habitacion-mimosa-torre-do-rio-05.jpg 1920w, https:\/\/torredorio.es\/wp-content\/uploads\/habitacion-mimosa-torre-do-rio-05-300x200.jpg 300w, https:\/\/torredorio.es\/wp-content\/uploads\/habitacion-mimosa-torre-do-rio-05-1030x687.jpg 1030w, https:\/\/torredorio.es\/wp-content\/uploads\/habitacion-mimosa-torre-do-rio-05-768x512.jpg 768w, https:\/\/torredorio.es\/wp-content\/uploads\/habitacion-mimosa-torre-do-rio-05-1536x1024.jpg 1536w, https:\/\/torredorio.es\/wp-content\/uploads\/habitacion-mimosa-torre-do-rio-05-18x12.jpg 18w, https:\/\/torredorio.es\/wp-content\/uploads\/habitacion-mimosa-torre-do-rio-05-1500x1000.jpg 1500w, https:\/\/torredorio.es\/wp-content\/uploads\/habitacion-mimosa-torre-do-rio-05-705x470.jpg 705w\" sizes=\"(max-width: 1920px) 100vw, 1920px\" \/><\/a><\/div><\/div><\/div><\/div><div class='flex_column av-13zfcw-0d46cf188e6343d984cf2f7e24bdc0de av_one_third  avia-builder-el-7  el_after_av_one_third  el_before_av_one_full  flex_column_div column-top-margin'     ><style type=\"text\/css\" data-created_by=\"avia_inline_auto\" id=\"style-css-av-zea54-cef2258020ae57b14b9dba98711ed551\">\n.avia-image-container.av-zea54-cef2258020ae57b14b9dba98711ed551 img.avia_image{\nbox-shadow:none;\n}\n.avia-image-container.av-zea54-cef2258020ae57b14b9dba98711ed551 .av-caption-image-overlay-bg{\nopacity:0.4;\nbackground-color:#000000;\n}\n.avia-image-container.av-zea54-cef2258020ae57b14b9dba98711ed551 .av-image-caption-overlay-center{\ncolor:#ffffff;\n}\n<\/style>\n<div  class='avia-image-container av-zea54-cef2258020ae57b14b9dba98711ed551 av-styling- avia-align-center  avia-builder-el-8  avia-builder-el-no-sibling  noHover av-overlay-on-hover'   itemprop=\"image\" itemscope=\"itemscope\" itemtype=\"https:\/\/schema.org\/ImageObject\" ><div class=\"avia-image-container-inner\"><div class=\"avia-image-overlay-wrap\"><a href=\"https:\/\/torredorio.es\/en\/fotografias-exteriores\/\" class='avia_image' ><div class=\"av-image-caption-overlay\"><div class=\"av-caption-image-overlay-bg\"><\/div><div class=\"av-image-caption-overlay-position\"><div class=\"av-image-caption-overlay-center\"><p>THE GARDEN<br \/>\nSpacious spaces, nature, swimming pool, our river, immerse yourself in the environment and enjoy a full holiday ...<\/p>\n<\/div><\/div><\/div><img decoding=\"async\" class='wp-image-8163 avia-img-lazy-loading-not-8163 avia_image' src=\"https:\/\/torredorio.es\/wp-content\/uploads\/jardines-fachada-torre-do-rio-14.jpg\" alt='Garden and Fa\u00e7ade Torre do R\u00edo' title='Garden and Fa\u00e7ade Torre do R\u00edo'  height=\"1280\" width=\"1920\"  itemprop=\"thumbnailUrl\" srcset=\"https:\/\/torredorio.es\/wp-content\/uploads\/jardines-fachada-torre-do-rio-14.jpg 1920w, https:\/\/torredorio.es\/wp-content\/uploads\/jardines-fachada-torre-do-rio-14-300x200.jpg 300w, https:\/\/torredorio.es\/wp-content\/uploads\/jardines-fachada-torre-do-rio-14-1030x687.jpg 1030w, https:\/\/torredorio.es\/wp-content\/uploads\/jardines-fachada-torre-do-rio-14-768x512.jpg 768w, https:\/\/torredorio.es\/wp-content\/uploads\/jardines-fachada-torre-do-rio-14-1536x1024.jpg 1536w, https:\/\/torredorio.es\/wp-content\/uploads\/jardines-fachada-torre-do-rio-14-18x12.jpg 18w, https:\/\/torredorio.es\/wp-content\/uploads\/jardines-fachada-torre-do-rio-14-1500x1000.jpg 1500w, https:\/\/torredorio.es\/wp-content\/uploads\/jardines-fachada-torre-do-rio-14-705x470.jpg 705w\" sizes=\"(max-width: 1920px) 100vw, 1920px\" \/><\/a><\/div><\/div><\/div><\/div><div class='flex_column av-rarjk-1e745d89d6f0bc11d4e2ce54bec70fee av_one_full  avia-builder-el-9  el_after_av_one_third  avia-builder-el-last  first flex_column_div column-top-margin'     ><style type=\"text\/css\" data-created_by=\"avia_inline_auto\" id=\"style-css-av-k15c0-5c795b3c44221b9cafc9f635670194a8\">\n.avia-image-container.av-k15c0-5c795b3c44221b9cafc9f635670194a8 img.avia_image{\nbox-shadow:none;\n}\n.avia-image-container.av-k15c0-5c795b3c44221b9cafc9f635670194a8 .av-image-caption-overlay-center{\ncolor:#ffffff;\n}\n<\/style>\n<div  class='avia-image-container av-k15c0-5c795b3c44221b9cafc9f635670194a8 av-styling- avia-align-center  avia-builder-el-10  avia-builder-el-no-sibling'   itemprop=\"image\" itemscope=\"itemscope\" itemtype=\"https:\/\/schema.org\/ImageObject\" ><div class=\"avia-image-container-inner\"><div class=\"avia-image-overlay-wrap\"><img decoding=\"async\" class='wp-image-872 avia-img-lazy-loading-not-872 avia_image' src=\"https:\/\/torredorio.es\/wp-content\/uploads\/2019\/01\/logo-torredorio-caldas.png\" alt='Torre do R\u00edo logo' title='Torre do R\u00edo logo'  height=\"130\" width=\"230\"  itemprop=\"thumbnailUrl\"  \/><\/div><\/div><\/div><\/div><\/p>","protected":false},"excerpt":{"rendered":"","protected":false},"author":6,"featured_media":0,"parent":0,"menu_order":0,"comment_status":"closed","ping_status":"closed","template":"","meta":{"footnotes":""},"class_list":["post-888","page","type-page","status-publish","hentry"],"_links":{"self":[{"href":"https:\/\/torredorio.es\/en\/wp-json\/wp\/v2\/pages\/888","targetHints":{"allow":["GET"]}}],"collection":[{"href":"https:\/\/torredorio.es\/en\/wp-json\/wp\/v2\/pages"}],"about":[{"href":"https:\/\/torredorio.es\/en\/wp-json\/wp\/v2\/types\/page"}],"author":[{"embeddable":true,"href":"https:\/\/torredorio.es\/en\/wp-json\/wp\/v2\/users\/6"}],"replies":[{"embeddable":true,"href":"https:\/\/torredorio.es\/en\/wp-json\/wp\/v2\/comments?post=888"}],"version-history":[{"count":32,"href":"https:\/\/torredorio.es\/en\/wp-json\/wp\/v2\/pages\/888\/revisions"}],"predecessor-version":[{"id":8329,"href":"https:\/\/torredorio.es\/en\/wp-json\/wp\/v2\/pages\/888\/revisions\/8329"}],"wp:attachment":[{"href":"https:\/\/torredorio.es\/en\/wp-json\/wp\/v2\/media?parent=888"}],"curies":[{"name":"wp","href":"https:\/\/api.w.org\/{rel}","templated":true}]}}